{"id":183,"date":"2026-05-12T10:06:13","date_gmt":"2026-05-12T10:06:13","guid":{"rendered":"https:\/\/globalnomadfinance.com\/?page_id=183"},"modified":"2026-05-12T10:06:13","modified_gmt":"2026-05-12T10:06:13","slug":"sobre-nosotros","status":"publish","type":"page","link":"https:\/\/globalnomadfinance.com\/?page_id=183","title":{"rendered":"SOBRE NOSOTROS"},"content":{"rendered":"\n<div class=\"wp-block-group is-layout-constrained wp-container-core-group-is-layout-fdf0676b wp-block-group-is-layout-constrained has-background\" style=\"border-bottom-color:#e4eaf4;border-bottom-width:1px;padding-top:48px;padding-bottom:48px;background-image:url(&apos;https:\/\/globalnomadfinance.com\/wp-content\/uploads\/2026\/05\/3d-earth-planet-shape-scaled.jpg&apos;);background-position:7.000000000000001% 35%;background-size:auto;\">\n<div class=\"wp-block-group is-vertical is-content-justification-stretch is-layout-flex wp-container-core-group-is-layout-38a18bb4 wp-block-group-is-layout-flex\"><h2 style=\"font-size:40px;font-style:normal;font-weight:500;\" class=\"has-text-align-center wp-block-post-title has-host-grotesk-font-family\">SOBRE NOSOTROS<\/h2><\/div>\n<\/div>\n\n\n\n<div class=\"wp-block-group is-layout-constrained wp-container-core-group-is-layout-0fbd8db3 wp-block-group-is-layout-constrained\" style=\"padding-top:48px;padding-bottom:80px\">\n<div class=\"wp-block-columns is-layout-flex wp-container-core-columns-is-layout-9b24e0e0 wp-block-columns-is-layout-flex\">\n<div class=\"wp-block-column unibiz-comment-column is-layout-flow wp-block-column-is-layout-flow\">\n<div class=\"wp-block-group is-vertical is-content-justification-stretch is-layout-flex wp-container-core-group-is-layout-71888674 wp-block-group-is-layout-flex\">\n<div class=\"wp-block-group is-vertical is-content-justification-stretch is-layout-flex wp-container-core-group-is-layout-d8489df2 wp-block-group-is-layout-flex\">\n<h2 class=\"wp-block-heading\">Global Nomad Finance<\/h2>\n\n\n\n<p>En&nbsp;<strong>Global Nomad Finance<\/strong>&nbsp;ayudamos a personas, emprendedores y empresas internacionales a gestionar sus finanzas de forma inteligente, flexible y sin fronteras.<\/p>\n\n\n\n<p>Vivimos en una econom\u00eda global donde cada vez m\u00e1s profesionales trabajan de manera remota, crean negocios digitales o se trasladan entre pa\u00edses buscando nuevas oportunidades. Nuestro objetivo es ofrecer soluciones financieras adaptadas a este nuevo estilo de vida internacional.<\/p>\n\n\n\n<h2 class=\"wp-block-heading\">Nuestra misi\u00f3n<\/h2>\n\n\n\n<p>Nuestra misi\u00f3n es simplificar las finanzas globales para que nuestros clientes puedan centrarse en crecer, viajar, invertir y vivir con libertad.<\/p>\n\n\n\n<p>Creemos que acceder a servicios financieros internacionales no deber\u00eda ser complicado. Por eso trabajamos para ofrecer asesoramiento claro, estrategias eficientes y soluciones modernas adaptadas a cada situaci\u00f3n.<\/p>\n\n\n\n<h2 class=\"wp-block-heading\">Qu\u00e9 hacemos<\/h2>\n\n\n\n<p>En Global Nomad Finance ofrecemos apoyo y orientaci\u00f3n en \u00e1reas como:<\/p>\n\n\n\n<ul class=\"wp-block-list\">\n<li>Gesti\u00f3n financiera internacional<\/li>\n\n\n\n<li>Optimizaci\u00f3n fiscal y estructuras globales<\/li>\n\n\n\n<li>Soluciones para n\u00f3madas digitales y emprendedores remotos<\/li>\n\n\n\n<li>Apertura y gesti\u00f3n de negocios internacionales<\/li>\n\n\n\n<li>Estrategias de inversi\u00f3n y protecci\u00f3n patrimonial<\/li>\n\n\n\n<li>Consultor\u00eda financiera personalizada<\/li>\n<\/ul>\n\n\n\n<p>Cada cliente tiene necesidades diferentes, por lo que dise\u00f1amos soluciones adaptadas a sus objetivos personales y profesionales.<\/p>\n\n\n\n<h2 class=\"wp-block-heading\">Nuestra visi\u00f3n<\/h2>\n\n\n\n<p>Queremos convertirnos en una referencia para profesionales globales, emprendedores digitales e inversores que buscan operar de forma internacional con seguridad y eficiencia.<\/p>\n\n\n\n<p>Apostamos por la innovaci\u00f3n, la transparencia y la educaci\u00f3n financiera como pilares fundamentales para construir relaciones duraderas con nuestros clientes.<\/p>\n\n\n\n<h2 class=\"wp-block-heading\">Nuestros valores<\/h2>\n\n\n\n<h3 class=\"wp-block-heading\">Transparencia<\/h3>\n\n\n\n<p>Trabajamos con honestidad y claridad en cada proceso.<\/p>\n\n\n\n<h3 class=\"wp-block-heading\">Libertad financiera<\/h3>\n\n\n\n<p>Ayudamos a nuestros clientes a crear estructuras financieras que les permitan vivir y trabajar sin l\u00edmites geogr\u00e1ficos.<\/p>\n\n\n\n<h3 class=\"wp-block-heading\">Innovaci\u00f3n<\/h3>\n\n\n\n<p>Nos adaptamos constantemente a los cambios del entorno financiero global.<\/p>\n\n\n\n<h3 class=\"wp-block-heading\">Confianza<\/h3>\n\n\n\n<p>Construimos relaciones s\u00f3lidas basadas en la profesionalidad y el compromiso.<\/p>\n\n\n\n<h2 class=\"wp-block-heading\">Pensado para una nueva generaci\u00f3n global<\/h2>\n\n\n\n<p>Global Nomad Finance nace para responder a las necesidades de una generaci\u00f3n que trabaja online, invierte internacionalmente y vive conectada al mundo.<\/p>\n\n\n\n<p>Entendemos los desaf\u00edos de operar entre distintos pa\u00edses y ofrecemos soluciones pr\u00e1cticas, modernas y orientadas al crecimiento.<\/p>\n\n\n\n<h2 class=\"wp-block-heading\">Contacta con nosotros<\/h2>\n\n\n\n<p>Si quieres llevar tus finanzas al siguiente nivel y construir una estructura global m\u00e1s eficiente, estaremos encantados de ayudarte.<\/p>\n\n\n\n<p><strong>Global Nomad Finance<\/strong><br>Finanzas sin fronteras.<\/p>\n<\/div>\n\n\n\n<div class=\"wp-block-group is-vertical is-content-justification-stretch is-layout-flex wp-container-core-group-is-layout-cc97d2ac wp-block-group-is-layout-flex\" style=\"border-bottom-color:var(--wp--preset--color--gv-color-border);border-bottom-width:1px;padding-bottom:32px\">\n<hr class=\"wp-block-separator has-text-color has-gv-color-border-color has-alpha-channel-opacity has-gv-color-border-background-color has-background\"\/>\n\n\n\n<div class=\"wp-block-group is-content-justification-left is-nowrap is-layout-flex wp-container-core-group-is-layout-78f129ee wp-block-group-is-layout-flex\"><div class=\"wp-block-avatar\"><img alt='Avatar de jorgemaxim' src='https:\/\/secure.gravatar.com\/avatar\/1ab8a791146c206194d7c05bfc5c7abeeaa64e300b3f8b09603daf0bf6b00389?s=100&#038;d=mm&#038;r=g' srcset='https:\/\/secure.gravatar.com\/avatar\/1ab8a791146c206194d7c05bfc5c7abeeaa64e300b3f8b09603daf0bf6b00389?s=200&#038;d=mm&#038;r=g 2x' class='avatar avatar-100 photo wp-block-avatar__image' height='100' width='100'  style=\"border-radius:100px;\"\/><\/div>\n\n\n<div class=\"wp-block-group is-vertical is-content-justification-stretch is-layout-flex wp-container-core-group-is-layout-353c4f5a wp-block-group-is-layout-flex\">\n<div class=\"wp-block-group is-vertical is-layout-flex wp-container-core-group-is-layout-fe9cc265 wp-block-group-is-layout-flex\"><div style=\"font-size:14px;\" class=\"wp-block-post-author\"><div class=\"wp-block-post-author__content\"><p class=\"wp-block-post-author__byline\">AUTHOR<\/p><p class=\"wp-block-post-author__name\">jorgemaxim<\/p><p class=\"wp-block-post-author__bio\"><\/p><\/div><\/div><\/div>\n<\/div>\n<\/div>\n<\/div>\n\n\n<\/div>\n<\/div>\n<\/div>\n<\/div>\n","protected":false},"excerpt":{"rendered":"<p>Global Nomad Finance En&nbsp;Global Nomad Finance&nbsp;ayudamos a personas, emprendedores y empresas internacionales a gestionar sus finanzas de forma inteligente, flexible y sin fronteras. Vivimos en una econom\u00eda global donde cada vez m\u00e1s profesionales trabajan de manera remota, crean negocios digitales o se trasladan entre pa\u00edses buscando nuevas oportunidades. Nuestro objetivo es ofrecer soluciones financieras adaptadas [&hellip;]<\/p>\n","protected":false},"author":1,"featured_media":184,"parent":0,"menu_order":0,"comment_status":"closed","ping_status":"closed","template":"","meta":{"footnotes":""},"class_list":["post-183","page","type-page","status-publish","has-post-thumbnail","hentry"],"_links":{"self":[{"href":"https:\/\/globalnomadfinance.com\/index.php?rest_route=\/wp\/v2\/pages\/183","targetHints":{"allow":["GET"]}}],"collection":[{"href":"https:\/\/globalnomadfinance.com\/index.php?rest_route=\/wp\/v2\/pages"}],"about":[{"href":"https:\/\/globalnomadfinance.com\/index.php?rest_route=\/wp\/v2\/types\/page"}],"author":[{"embeddable":true,"href":"https:\/\/globalnomadfinance.com\/index.php?rest_route=\/wp\/v2\/users\/1"}],"replies":[{"embeddable":true,"href":"https:\/\/globalnomadfinance.com\/index.php?rest_route=%2Fwp%2Fv2%2Fcomments&post=183"}],"version-history":[{"count":1,"href":"https:\/\/globalnomadfinance.com\/index.php?rest_route=\/wp\/v2\/pages\/183\/revisions"}],"predecessor-version":[{"id":185,"href":"https:\/\/globalnomadfinance.com\/index.php?rest_route=\/wp\/v2\/pages\/183\/revisions\/185"}],"wp:featuredmedia":[{"embeddable":true,"href":"https:\/\/globalnomadfinance.com\/index.php?rest_route=\/wp\/v2\/media\/184"}],"wp:attachment":[{"href":"https:\/\/globalnomadfinance.com\/index.php?rest_route=%2Fwp%2Fv2%2Fmedia&parent=183"}],"curies":[{"name":"wp","href":"https:\/\/api.w.org\/{rel}","templated":true}]}}