{"id":191,"date":"2026-05-12T10:34:48","date_gmt":"2026-05-12T10:34:48","guid":{"rendered":"https:\/\/globalnomadfinance.com\/?page_id=191"},"modified":"2026-05-12T10:34:51","modified_gmt":"2026-05-12T10:34:51","slug":"comparativa","status":"publish","type":"page","link":"https:\/\/globalnomadfinance.com\/?page_id=191","title":{"rendered":"COMPARATIVA"},"content":{"rendered":"\n<h2 class=\"wp-block-heading\">Wise vs Revolut: \u00bfCu\u00e1l es mejor para n\u00f3madas digitales en 2026?<\/h2>\n\n\n\n<p>Comparamos Wise y Revolut para n\u00f3madas digitales, freelancers y viajeros internacionales. Descubre comisiones, tarjetas, transferencias, cambio de divisas y cu\u00e1l merece m\u00e1s la pena en 2026.<\/p>\n\n\n\n<hr class=\"wp-block-separator has-alpha-channel-opacity\"\/>\n\n\n\n<h1 class=\"wp-block-heading\">Wise vs Revolut: la comparativa definitiva para n\u00f3madas digitales<\/h1>\n\n\n\n<p>Si trabajas online, viajas frecuentemente o cobras en diferentes monedas, probablemente hayas escuchado hablar de Wise y Revolut.<\/p>\n\n\n\n<p>Ambas plataformas se han convertido en herramientas imprescindibles para freelancers, emprendedores y n\u00f3madas digitales que necesitan gestionar dinero internacionalmente de forma r\u00e1pida y econ\u00f3mica.<\/p>\n\n\n\n<p>Pero\u2026 \u00bfcu\u00e1l es realmente mejor?<\/p>\n\n\n\n<p>En esta comparativa analizamos:<\/p>\n\n\n\n<ul class=\"wp-block-list\">\n<li>Comisiones<\/li>\n\n\n\n<li>Cambio de divisas<\/li>\n\n\n\n<li>Tarjetas internacionales<\/li>\n\n\n\n<li>Retiradas en cajeros<\/li>\n\n\n\n<li>Transferencias internacionales<\/li>\n\n\n\n<li>Seguridad<\/li>\n\n\n\n<li>Funciones para empresas<\/li>\n\n\n\n<li>Ventajas y desventajas<\/li>\n<\/ul>\n\n\n\n<hr class=\"wp-block-separator has-alpha-channel-opacity\"\/>\n\n\n\n<figure class=\"wp-block-image size-large\"><img loading=\"lazy\" decoding=\"async\" width=\"1024\" height=\"681\" src=\"https:\/\/globalnomadfinance.com\/wp-content\/uploads\/2026\/05\/credit-cards-that-are-stacked-neatly-together-1024x681.jpg\" alt=\"\" class=\"wp-image-192\" srcset=\"https:\/\/globalnomadfinance.com\/wp-content\/uploads\/2026\/05\/credit-cards-that-are-stacked-neatly-together-1024x681.jpg 1024w, https:\/\/globalnomadfinance.com\/wp-content\/uploads\/2026\/05\/credit-cards-that-are-stacked-neatly-together-300x200.jpg 300w, https:\/\/globalnomadfinance.com\/wp-content\/uploads\/2026\/05\/credit-cards-that-are-stacked-neatly-together-768x511.jpg 768w, https:\/\/globalnomadfinance.com\/wp-content\/uploads\/2026\/05\/credit-cards-that-are-stacked-neatly-together-1536x1022.jpg 1536w, https:\/\/globalnomadfinance.com\/wp-content\/uploads\/2026\/05\/credit-cards-that-are-stacked-neatly-together-2048x1363.jpg 2048w\" sizes=\"auto, (max-width: 1024px) 100vw, 1024px\" \/><\/figure>\n\n\n\n<h2 class=\"wp-block-heading\">\u00bfQu\u00e9 es Wise?<\/h2>\n\n\n\n<p>Wise (antes TransferWise) es una plataforma financiera especializada en transferencias internacionales y cuentas multidivisa.<\/p>\n\n\n\n<p>Su principal ventaja es utilizar el tipo de cambio real del mercado, evitando los sobrecostes ocultos de muchos bancos tradicionales.<\/p>\n\n\n\n<h3 class=\"wp-block-heading\">Ventajas de Wise<\/h3>\n\n\n\n<ul class=\"wp-block-list\">\n<li>Tipo de cambio real<\/li>\n\n\n\n<li>Comisiones transparentes<\/li>\n\n\n\n<li>Excelente para transferencias internacionales<\/li>\n\n\n\n<li>Cuenta multidivisa<\/li>\n\n\n\n<li>IBAN europeo<\/li>\n\n\n\n<li>Muy \u00fatil para freelancers y negocios online<\/li>\n<\/ul>\n\n\n\n<h3 class=\"wp-block-heading\">Desventajas de Wise<\/h3>\n\n\n\n<ul class=\"wp-block-list\">\n<li>Menos funciones financieras avanzadas<\/li>\n\n\n\n<li>Menos opciones de inversi\u00f3n<\/li>\n\n\n\n<li>Cashback limitado<\/li>\n<\/ul>\n\n\n\n<hr class=\"wp-block-separator has-alpha-channel-opacity\"\/>\n\n\n\n<h2 class=\"wp-block-heading\">\u00bfQu\u00e9 es Revolut?<\/h2>\n\n\n\n<p>Revolut es una fintech global que combina banca digital, tarjetas internacionales, cambio de divisas, criptomonedas e inversiones.<\/p>\n\n\n\n<p>Est\u00e1 muy enfocada en usuarios que quieren una experiencia financiera m\u00e1s completa desde una sola app.<\/p>\n\n\n\n<h3 class=\"wp-block-heading\">Ventajas de Revolut<\/h3>\n\n\n\n<ul class=\"wp-block-list\">\n<li>App muy moderna<\/li>\n\n\n\n<li>Tarjetas virtuales<\/li>\n\n\n\n<li>Criptomonedas e inversi\u00f3n<\/li>\n\n\n\n<li>Cashback en algunos planes<\/li>\n\n\n\n<li>Planes premium interesantes<\/li>\n\n\n\n<li>Excelente experiencia de usuario<\/li>\n<\/ul>\n\n\n\n<h3 class=\"wp-block-heading\">Desventajas de Revolut<\/h3>\n\n\n\n<ul class=\"wp-block-list\">\n<li>L\u00edmites en cambio de divisas<\/li>\n\n\n\n<li>Algunas funciones requieren planes de pago<\/li>\n\n\n\n<li>Atenci\u00f3n al cliente mejorable en planes gratuitos<\/li>\n<\/ul>\n\n\n\n<hr class=\"wp-block-separator has-alpha-channel-opacity\"\/>\n\n\n\n<h1 class=\"wp-block-heading\">Comparativa r\u00e1pida<\/h1>\n\n\n\n<figure class=\"wp-block-table\"><table class=\"has-fixed-layout\"><thead><tr><th>Caracter\u00edstica<\/th><th>Wise<\/th><th>Revolut<\/th><\/tr><\/thead><tbody><tr><td>Cambio de divisas<\/td><td>Excelente<\/td><td>Muy bueno<\/td><\/tr><tr><td>Transferencias internacionales<\/td><td>Excelente<\/td><td>Bueno<\/td><\/tr><tr><td>Tarjetas virtuales<\/td><td>S\u00ed<\/td><td>S\u00ed<\/td><\/tr><tr><td>Criptomonedas<\/td><td>No<\/td><td>S\u00ed<\/td><\/tr><tr><td>Cuenta multidivisa<\/td><td>S\u00ed<\/td><td>S\u00ed<\/td><\/tr><tr><td>Ideal para freelancers<\/td><td>S\u00ed<\/td><td>S\u00ed<\/td><\/tr><tr><td>Ideal para viajar<\/td><td>Muy bueno<\/td><td>Excelente<\/td><\/tr><tr><td>Comisiones ocultas<\/td><td>Muy bajas<\/td><td>Variables<\/td><\/tr><\/tbody><\/table><\/figure>\n\n\n\n<hr class=\"wp-block-separator has-alpha-channel-opacity\"\/>\n\n\n\n<h2 class=\"wp-block-heading\">\u00bfCu\u00e1l tiene mejores comisiones?<\/h2>\n\n\n\n<p>En general, Wise suele ser m\u00e1s transparente en transferencias internacionales y conversiones de moneda.<\/p>\n\n\n\n<p>Revolut puede ser muy competitivo entre semana y dentro de ciertos l\u00edmites, pero algunos usuarios encuentran cargos adicionales en fines de semana o planes gratuitos.<\/p>\n\n\n\n<p>Si tu prioridad es enviar y recibir dinero internacionalmente con el menor coste posible, Wise suele ser la mejor opci\u00f3n.<\/p>\n\n\n\n<hr class=\"wp-block-separator has-alpha-channel-opacity\"\/>\n\n\n\n<h2 class=\"wp-block-heading\">\u00bfCu\u00e1l es mejor para n\u00f3madas digitales?<\/h2>\n\n\n\n<h3 class=\"wp-block-heading\">Elige Wise si:<\/h3>\n\n\n\n<ul class=\"wp-block-list\">\n<li>Cobras clientes internacionales<\/li>\n\n\n\n<li>Haces transferencias frecuentes<\/li>\n\n\n\n<li>Trabajas como freelancer<\/li>\n\n\n\n<li>Buscas transparencia<\/li>\n\n\n\n<li>Operas con m\u00faltiples monedas<\/li>\n<\/ul>\n\n\n\n<h3 class=\"wp-block-heading\">Elige Revolut si:<\/h3>\n\n\n\n<ul class=\"wp-block-list\">\n<li>Viajas constantemente<\/li>\n\n\n\n<li>Quieres funciones bancarias m\u00e1s completas<\/li>\n\n\n\n<li>Te interesa invertir o usar criptomonedas<\/li>\n\n\n\n<li>Buscas una app financiera todo-en-uno<\/li>\n<\/ul>\n\n\n\n<hr class=\"wp-block-separator has-alpha-channel-opacity\"\/>\n\n\n\n<h2 class=\"wp-block-heading\">Nuestra recomendaci\u00f3n<\/h2>\n\n\n\n<p>La mayor\u00eda de n\u00f3madas digitales utilizan ambas plataformas.<\/p>\n\n\n\n<p>Wise suele funcionar mejor para cobrar y enviar dinero internacionalmente, mientras que Revolut destaca como cuenta diaria para viajes y pagos internacionales.<\/p>\n\n\n\n<p>Combinarlas puede ser la mejor estrategia para tener flexibilidad financiera global.<\/p>\n\n\n\n<hr class=\"wp-block-separator has-alpha-channel-opacity\"\/>\n\n\n\n<h2 class=\"wp-block-heading\">Preguntas frecuentes<\/h2>\n\n\n\n<h3 class=\"wp-block-heading\">\u00bfWise es seguro?<\/h3>\n\n\n\n<p>S\u00ed. Wise est\u00e1 regulado en m\u00faltiples pa\u00edses y utiliza medidas de seguridad avanzadas.<\/p>\n\n\n\n<h3 class=\"wp-block-heading\">\u00bfRevolut funciona en todo el mundo?<\/h3>\n\n\n\n<p>S\u00ed, aunque algunas funciones dependen del pa\u00eds de residencia.<\/p>\n\n\n\n<h3 class=\"wp-block-heading\">\u00bfSe puede tener Wise y Revolut al mismo tiempo?<\/h3>\n\n\n\n<p>S\u00ed, y muchos usuarios lo hacen.<\/p>\n\n\n\n<hr class=\"wp-block-separator has-alpha-channel-opacity\"\/>\n\n\n\n<h2 class=\"wp-block-heading\">Conclusi\u00f3n<\/h2>\n\n\n\n<p>Tanto Wise como Revolut son excelentes herramientas para gestionar dinero internacionalmente.<\/p>\n\n\n\n<p>La mejor opci\u00f3n depender\u00e1 de tu estilo de vida, frecuencia de viajes y necesidades financieras.<\/p>\n\n\n\n<p>Si buscas transferencias internacionales baratas y transparencia, Wise es dif\u00edcil de superar.<\/p>\n\n\n\n<p>Si quieres una experiencia bancaria m\u00e1s completa y moderna, Revolut puede ser la mejor elecci\u00f3n.<\/p>\n\n\n\n<hr class=\"wp-block-separator has-alpha-channel-opacity\"\/>\n\n\n\n<h2 class=\"wp-block-heading\">IMPORTANTE PARA GOOGLE ADSENSE<\/h2>\n\n\n\n<p>A\u00f1ade estos elementos debajo del art\u00edculo:<\/p>\n\n\n\n<h3 class=\"wp-block-heading\">Disclaimer<\/h3>\n\n\n\n<p>La informaci\u00f3n publicada en este art\u00edculo es \u00fanicamente educativa y no constituye asesoramiento financiero.<\/p>\n\n\n\n<h3 class=\"wp-block-heading\">Autor<\/h3>\n\n\n\n<p>Publicado por Global Nomad Finance<\/p>\n\n\n\n<h3 class=\"wp-block-heading\">Fecha actualizada<\/h3>\n\n\n\n<p>\u00daltima actualizaci\u00f3n: Mayo 2026<\/p>\n\n\n\n<h3 class=\"wp-block-heading\">CTA final<\/h3>\n\n\n\n<p>Suscr\u00edbete a nuestra newsletter para recibir consejos sobre finanzas internacionales, inversi\u00f3n y vida n\u00f3mada.<\/p>\n","protected":false},"excerpt":{"rendered":"<p>Wise vs Revolut: \u00bfCu\u00e1l es mejor para n\u00f3madas digitales en 2026? Comparamos Wise y Revolut para n\u00f3madas digitales, freelancers y viajeros internacionales. Descubre comisiones, tarjetas, transferencias, cambio de divisas y cu\u00e1l merece m\u00e1s la pena en 2026. Wise vs Revolut: la comparativa definitiva para n\u00f3madas digitales Si trabajas online, viajas frecuentemente o cobras en diferentes [&hellip;]<\/p>\n","protected":false},"author":1,"featured_media":0,"parent":0,"menu_order":0,"comment_status":"closed","ping_status":"closed","template":"","meta":{"footnotes":""},"class_list":["post-191","page","type-page","status-publish","hentry"],"_links":{"self":[{"href":"https:\/\/globalnomadfinance.com\/index.php?rest_route=\/wp\/v2\/pages\/191","targetHints":{"allow":["GET"]}}],"collection":[{"href":"https:\/\/globalnomadfinance.com\/index.php?rest_route=\/wp\/v2\/pages"}],"about":[{"href":"https:\/\/globalnomadfinance.com\/index.php?rest_route=\/wp\/v2\/types\/page"}],"author":[{"embeddable":true,"href":"https:\/\/globalnomadfinance.com\/index.php?rest_route=\/wp\/v2\/users\/1"}],"replies":[{"embeddable":true,"href":"https:\/\/globalnomadfinance.com\/index.php?rest_route=%2Fwp%2Fv2%2Fcomments&post=191"}],"version-history":[{"count":1,"href":"https:\/\/globalnomadfinance.com\/index.php?rest_route=\/wp\/v2\/pages\/191\/revisions"}],"predecessor-version":[{"id":193,"href":"https:\/\/globalnomadfinance.com\/index.php?rest_route=\/wp\/v2\/pages\/191\/revisions\/193"}],"wp:attachment":[{"href":"https:\/\/globalnomadfinance.com\/index.php?rest_route=%2Fwp%2Fv2%2Fmedia&parent=191"}],"curies":[{"name":"wp","href":"https:\/\/api.w.org\/{rel}","templated":true}]}}